{"id":6,"date":"2020-07-31T15:18:17","date_gmt":"2020-07-31T18:18:17","guid":{"rendered":"http:\/\/lessacortinasedecor.com.br\/\/?page_id=6"},"modified":"2021-03-11T16:17:07","modified_gmt":"2021-03-11T19:17:07","slug":"o-novo-umoma-abre-suas-portas-2","status":"publish","type":"page","link":"https:\/\/lessacortinasedecor.com.br\/","title":{"rendered":"Um Conceito em Decora\u00e7\u00e3o com expertise de 20 anos."},"content":{"rendered":"\n<div class=\"wp-container-1 wp-block-group alignwide\"><div class=\"wp-block-group__inner-container\">\n<h6 class=\"has-text-align-center\"><\/h6>\n\n\n\n<p>A Lessa Cortinas e Decor nasceu com o prop\u00f3sito de oferecer produtos com a mais alta qualidade, aliando experi\u00eancia e trabalho, investindo todo o seu potencial em design, conforto e qualidade.<\/p>\n<\/div><\/div>\n\n\n\n<div class=\"wp-container-8 wp-block-columns alignwide\">\n<div class=\"wp-container-4 wp-block-column\">\n<div class=\"wp-container-2 wp-block-group\"><div class=\"wp-block-group__inner-container\">\n<h6><em>Alto Padr\u00e3o<\/em><\/h6>\n\n\n\n<p><\/p>\n<\/div><\/div>\n\n\n\n<div class=\"wp-container-3 wp-block-group\"><div class=\"wp-block-group__inner-container\">\n<figure class=\"wp-block-image alignfull size-large\"><img loading=\"lazy\" width=\"1024\" height=\"683\" src=\"http:\/\/lessacortinasedecor.com.br\/\/wp-content\/uploads\/2020\/08\/2331929-1-1024x683.jpg\" alt=\"\" class=\"wp-image-223\" srcset=\"https:\/\/lessacortinasedecor.com.br\/wp-content\/uploads\/2020\/08\/2331929-1-1024x683.jpg 1024w, https:\/\/lessacortinasedecor.com.br\/wp-content\/uploads\/2020\/08\/2331929-1-300x200.jpg 300w, https:\/\/lessacortinasedecor.com.br\/wp-content\/uploads\/2020\/08\/2331929-1-768x513.jpg 768w, https:\/\/lessacortinasedecor.com.br\/wp-content\/uploads\/2020\/08\/2331929-1-1536x1025.jpg 1536w, https:\/\/lessacortinasedecor.com.br\/wp-content\/uploads\/2020\/08\/2331929-1-2048x1367.jpg 2048w\" sizes=\"(max-width: 1024px) 100vw, 1024px\" \/><\/figure>\n\n\n\n<p><\/p>\n<\/div><\/div>\n<\/div>\n\n\n\n<div class=\"wp-container-7 wp-block-column\">\n<div class=\"wp-container-5 wp-block-group\"><div class=\"wp-block-group__inner-container\">\n<h6><em>Design Exclusivo<\/em><\/h6>\n\n\n\n<figure class=\"wp-block-image alignfull size-large\"><img loading=\"lazy\" width=\"1024\" height=\"683\" src=\"http:\/\/lessacortinasedecor.com.br\/\/wp-content\/uploads\/2020\/08\/2542332-1-1024x683.jpg\" alt=\"\" class=\"wp-image-222\" srcset=\"https:\/\/lessacortinasedecor.com.br\/wp-content\/uploads\/2020\/08\/2542332-1-1024x683.jpg 1024w, https:\/\/lessacortinasedecor.com.br\/wp-content\/uploads\/2020\/08\/2542332-1-300x200.jpg 300w, https:\/\/lessacortinasedecor.com.br\/wp-content\/uploads\/2020\/08\/2542332-1-768x512.jpg 768w, https:\/\/lessacortinasedecor.com.br\/wp-content\/uploads\/2020\/08\/2542332-1.jpg 1500w\" sizes=\"(max-width: 1024px) 100vw, 1024px\" \/><\/figure>\n\n\n\n<p><\/p>\n<\/div><\/div>\n\n\n\n<div class=\"wp-container-6 wp-block-group\"><div class=\"wp-block-group__inner-container\"><\/div><\/div>\n<\/div>\n<\/div>\n\n\n\n<figure class=\"wp-block-image alignfull size-large\"><img loading=\"lazy\" width=\"1024\" height=\"576\" src=\"http:\/\/lessacortinasedecor.com.br\/\/wp-content\/uploads\/2020\/08\/IMG-20180130-WA0023-1024x576.jpg\" alt=\"\" class=\"wp-image-228\" srcset=\"https:\/\/lessacortinasedecor.com.br\/wp-content\/uploads\/2020\/08\/IMG-20180130-WA0023-1024x576.jpg 1024w, https:\/\/lessacortinasedecor.com.br\/wp-content\/uploads\/2020\/08\/IMG-20180130-WA0023-300x169.jpg 300w, https:\/\/lessacortinasedecor.com.br\/wp-content\/uploads\/2020\/08\/IMG-20180130-WA0023-768x432.jpg 768w, https:\/\/lessacortinasedecor.com.br\/wp-content\/uploads\/2020\/08\/IMG-20180130-WA0023.jpg 1280w\" sizes=\"(max-width: 1024px) 100vw, 1024px\" \/><\/figure>\n\n\n\n<div class=\"wp-container-9 wp-block-group alignwide\"><div class=\"wp-block-group__inner-container\">\n<h6 class=\"has-text-align-center has-accent-color has-text-color\"><\/h6>\n\n\n\n<p>&#8220;Nossa linha de decora\u00e7\u00e3o vai deixar a sua casa com o estilo moderno e contempor\u00e2neo, com produtos de alta qualidade e acabamentos de \u00faltima gera\u00e7\u00e3o.&#8221;<\/p>\n<\/div><\/div>\n\n\n\n<p class=\"has-drop-cap\">M\u00f3veis modernos s\u00e3o perfeitos para deixar sua casa com cara de casa de revista. Mas como identificar um m\u00f3vel moderno quando s\u00e3o tantos os estilos dispon\u00edveis e o retr\u00f4, o DIY (fa\u00e7a voc\u00ea mesmo) e o reaproveitamento de m\u00f3veis antigos est\u00e3o em alta? O que se nota no mercado de decora\u00e7\u00e3o \u00e9 que cada vez mais m\u00f3veis s\u00e3o modernos aos olhos de quem v\u00ea \u2014 e podem ter inspira\u00e7\u00e3o tanto em um m\u00f3vel do s\u00e9culo passado, quanto em uma ideia concebida por um novo designer.<\/p>\n\n\n\n<p>Muitos m\u00f3veis modernos d\u00e3o dicas de como deve ser combinados. Quer um exemplo? Um aparador colorido de p\u00e9s palito. Apesar do tom moderno que m\u00f3veis assim adquiriram, p\u00e9s palitos foram um \u00edcone de moda casa entre as d\u00e9cadas de 50 e 70. Sendo assim, eles combinam com uma decora\u00e7\u00e3o estilo retr\u00f4, hippie ou boho chic.<\/p>\n\n\n\n<p>Para n\u00e3o errar, <strong>evite misturar muitos m\u00f3veis modernos no mesmo c\u00f4modo,<\/strong> o que pode tornar o ambiente over, deixando de ser moderno para se tornar cafona.<\/p>\n\n\n\n<p>Por fim, lembre-se desta dica da Lessa e Decor: sempre leve em conta o estilo do m\u00f3vel moderno que voc\u00ea pretende utilizar na decora\u00e7\u00e3o. \u00c9 ele quem te dar\u00e1 a pista sobre poss\u00edveis combina\u00e7\u00f5es que tornem o ambiente harmonioso.<\/p>\n\n\n\n<p><\/p>\n\n\n\n<p><\/p>\n\n\n\n<div class=\"wp-container-11 wp-block-group alignwide has-background\" style=\"background-color:#ffffff\"><div class=\"wp-block-group__inner-container\">\n<div class=\"wp-container-10 wp-block-group\"><div class=\"wp-block-group__inner-container\"><\/div><\/div>\n<\/div><\/div>\n","protected":false},"excerpt":{"rendered":"<p>A Lessa Cortinas e Decor nasceu com o prop\u00f3sito de oferecer produtos com a mais alta qualidade, aliando experi\u00eancia e trabalho, investindo todo o seu potencial em design, conforto e qualidade. Alto Padr\u00e3o Design Exclusivo &#8220;Nossa linha de decora\u00e7\u00e3o vai deixar a sua casa com o estilo moderno e contempor\u00e2neo, com produtos de alta qualidade&hellip;<\/p>\n","protected":false},"author":1,"featured_media":220,"parent":275,"menu_order":0,"comment_status":"closed","ping_status":"closed","template":"","meta":{"sfsi_plus_gutenberg_text_before_share":"","sfsi_plus_gutenberg_show_text_before_share":"","sfsi_plus_gutenberg_icon_type":"","sfsi_plus_gutenberg_icon_alignemt":"","sfsi_plus_gutenburg_max_per_row":""},"_links":{"self":[{"href":"https:\/\/lessacortinasedecor.com.br\/index.php\/wp-json\/wp\/v2\/pages\/6"}],"collection":[{"href":"https:\/\/lessacortinasedecor.com.br\/index.php\/wp-json\/wp\/v2\/pages"}],"about":[{"href":"https:\/\/lessacortinasedecor.com.br\/index.php\/wp-json\/wp\/v2\/types\/page"}],"author":[{"embeddable":true,"href":"https:\/\/lessacortinasedecor.com.br\/index.php\/wp-json\/wp\/v2\/users\/1"}],"replies":[{"embeddable":true,"href":"https:\/\/lessacortinasedecor.com.br\/index.php\/wp-json\/wp\/v2\/comments?post=6"}],"version-history":[{"count":16,"href":"https:\/\/lessacortinasedecor.com.br\/index.php\/wp-json\/wp\/v2\/pages\/6\/revisions"}],"predecessor-version":[{"id":612,"href":"https:\/\/lessacortinasedecor.com.br\/index.php\/wp-json\/wp\/v2\/pages\/6\/revisions\/612"}],"up":[{"embeddable":true,"href":"https:\/\/lessacortinasedecor.com.br\/index.php\/wp-json\/wp\/v2\/pages\/275"}],"wp:featuredmedia":[{"embeddable":true,"href":"https:\/\/lessacortinasedecor.com.br\/index.php\/wp-json\/wp\/v2\/media\/220"}],"wp:attachment":[{"href":"https:\/\/lessacortinasedecor.com.br\/index.php\/wp-json\/wp\/v2\/media?parent=6"}],"curies":[{"name":"wp","href":"https:\/\/api.w.org\/{rel}","templated":true}]}}